{"id":5,"date":"2016-06-20T11:21:16","date_gmt":"2016-06-20T11:21:16","guid":{"rendered":"http:\/\/suporteremoto.pt\/novo\/?page_id=5"},"modified":"2023-07-05T09:26:34","modified_gmt":"2023-07-05T09:26:34","slug":"frontpage","status":"publish","type":"page","link":"https:\/\/www.suporteremoto.pt\/novo\/","title":{"rendered":"FrontPage"},"content":{"rendered":"\t\t<div data-elementor-type=\"wp-page\" data-elementor-id=\"5\" class=\"elementor elementor-5\">\n\t\t\t\t\t\t<section class=\"elementor-section elementor-top-section elementor-element elementor-element-910ff69 elementor-section-full_width elementor-section-height-default elementor-section-height-default\" data-id=\"910ff69\" data-element_type=\"section\">\n\t\t\t\t\t\t<div class=\"elementor-container elementor-column-gap-default\">\n\t\t\t\t\t<div class=\"elementor-column elementor-col-100 elementor-top-column elementor-element elementor-element-5900a6a\" data-id=\"5900a6a\" data-element_type=\"column\">\n\t\t\t<div class=\"elementor-widget-wrap elementor-element-populated\">\n\t\t\t\t\t\t<div class=\"elementor-element elementor-element-6bad39f elementor-widget elementor-widget-html\" data-id=\"6bad39f\" data-element_type=\"widget\" data-widget_type=\"html.default\">\n\t\t\t\t<div class=\"elementor-widget-container\">\n\t\t\t\t\t<!-- Google tag (gtag.js) -->\r\n<script async src=\"https:\/\/www.googletagmanager.com\/gtag\/js?id=G-PBG359D6T8\"><\/script>\r\n<script>\r\n  window.dataLayer = window.dataLayer || [];\r\n  function gtag(){dataLayer.push(arguments);}\r\n  gtag('js', new Date());\r\n\r\n  gtag('config', 'G-PBG359D6T8');\r\n<\/script>\t\t\t\t<\/div>\n\t\t\t\t<\/div>\n\t\t\t\t<div class=\"elementor-element elementor-element-12c5f35e elementor-invisible elementor-widget elementor-widget-heading\" data-id=\"12c5f35e\" data-element_type=\"widget\" data-settings=\"{&quot;_animation&quot;:&quot;fadeInUp&quot;,&quot;_animation_delay&quot;:200}\" data-widget_type=\"heading.default\">\n\t\t\t\t<div class=\"elementor-widget-container\">\n\t\t\t\t\t<h1 class=\"elementor-heading-title elementor-size-default\">REMOTAMENTE <p>Suporte. Acesso. Trabalho.<\/p><\/h1>\t\t\t\t<\/div>\n\t\t\t\t<\/div>\n\t\t\t\t\t<\/div>\n\t\t<\/div>\n\t\t\t\t\t<\/div>\n\t\t<\/section>\n\t\t\t\t<section class=\"elementor-section elementor-top-section elementor-element elementor-element-0395f1c elementor-section-full_width elementor-section-height-default elementor-section-height-default\" data-id=\"0395f1c\" data-element_type=\"section\">\n\t\t\t\t\t\t\t<div class=\"elementor-background-overlay\"><\/div>\n\t\t\t\t\t\t\t<div class=\"elementor-container elementor-column-gap-default\">\n\t\t\t\t\t<div class=\"elementor-column elementor-col-100 elementor-top-column elementor-element elementor-element-b8912f3\" data-id=\"b8912f3\" data-element_type=\"column\">\n\t\t\t<div class=\"elementor-widget-wrap elementor-element-populated\">\n\t\t\t\t\t\t<div class=\"elementor-element elementor-element-3f07264 elementor-widget elementor-widget-image\" data-id=\"3f07264\" data-element_type=\"widget\" data-widget_type=\"image.default\">\n\t\t\t\t<div class=\"elementor-widget-container\">\n\t\t\t\t\t\t\t\t\t\t\t\t\t\t\t<img fetchpriority=\"high\" decoding=\"async\" width=\"604\" height=\"453\" src=\"https:\/\/www.suporteremoto.pt\/novo\/wp-content\/uploads\/2020\/03\/security-2x1-1.png\" class=\"attachment-large size-large wp-image-139\" alt=\"\" srcset=\"https:\/\/www.suporteremoto.pt\/novo\/wp-content\/uploads\/2020\/03\/security-2x1-1.png 1008w, https:\/\/www.suporteremoto.pt\/novo\/wp-content\/uploads\/2020\/03\/security-2x1-1-300x225.png 300w, https:\/\/www.suporteremoto.pt\/novo\/wp-content\/uploads\/2020\/03\/security-2x1-1-768x576.png 768w\" sizes=\"(max-width: 604px) 100vw, 604px\" \/>\t\t\t\t\t\t\t\t\t\t\t\t\t\t\t<\/div>\n\t\t\t\t<\/div>\n\t\t\t\t<div class=\"elementor-element elementor-element-564eea1 elementor-widget elementor-widget-text-editor\" data-id=\"564eea1\" data-element_type=\"widget\" data-widget_type=\"text-editor.default\">\n\t\t\t\t<div class=\"elementor-widget-container\">\n\t\t\t\t\t\t\t\t\t<p>Controle remotamente computadores ou dispositivos m\u00f3veis. Aceda a computadores remotos para fornecer suporte t\u00e9cnico aos seus clientes ou para trabalhar a partir de\u00a0casa.<\/p>\t\t\t\t\t\t\t\t<\/div>\n\t\t\t\t<\/div>\n\t\t\t\t\t<\/div>\n\t\t<\/div>\n\t\t\t\t\t<\/div>\n\t\t<\/section>\n\t\t\t\t<section class=\"elementor-section elementor-top-section elementor-element elementor-element-5a37e25 elementor-section-boxed elementor-section-height-default elementor-section-height-default\" data-id=\"5a37e25\" data-element_type=\"section\">\n\t\t\t\t\t\t<div class=\"elementor-container elementor-column-gap-default\">\n\t\t\t\t\t<div class=\"elementor-column elementor-col-100 elementor-top-column elementor-element elementor-element-d7a470c\" data-id=\"d7a470c\" data-element_type=\"column\">\n\t\t\t<div class=\"elementor-widget-wrap elementor-element-populated\">\n\t\t\t\t\t\t<div class=\"elementor-element elementor-element-ec99c20 elementor-widget elementor-widget-spacer\" data-id=\"ec99c20\" data-element_type=\"widget\" data-widget_type=\"spacer.default\">\n\t\t\t\t<div class=\"elementor-widget-container\">\n\t\t\t\t\t\t\t<div class=\"elementor-spacer\">\n\t\t\t<div class=\"elementor-spacer-inner\"><\/div>\n\t\t<\/div>\n\t\t\t\t\t\t<\/div>\n\t\t\t\t<\/div>\n\t\t\t\t\t<\/div>\n\t\t<\/div>\n\t\t\t\t\t<\/div>\n\t\t<\/section>\n\t\t\t\t<section class=\"elementor-section elementor-top-section elementor-element elementor-element-40a007e elementor-section-full_width elementor-section-height-default elementor-section-height-default\" data-id=\"40a007e\" data-element_type=\"section\">\n\t\t\t\t\t\t<div class=\"elementor-container elementor-column-gap-default\">\n\t\t\t\t\t<div class=\"elementor-column elementor-col-100 elementor-top-column elementor-element elementor-element-bf63f19\" data-id=\"bf63f19\" data-element_type=\"column\">\n\t\t\t<div class=\"elementor-widget-wrap elementor-element-populated\">\n\t\t\t\t\t\t<div class=\"elementor-element elementor-element-7f246477 elementor-invisible elementor-widget elementor-widget-heading\" data-id=\"7f246477\" data-element_type=\"widget\" data-settings=\"{&quot;_animation&quot;:&quot;fadeIn&quot;,&quot;_animation_delay&quot;:400}\" data-widget_type=\"heading.default\">\n\t\t\t\t<div class=\"elementor-widget-container\">\n\t\t\t\t\t<h2 class=\"elementor-heading-title elementor-size-default\">O Software de Desktop Remoto Mais Confi\u00e1vel<\/h2>\t\t\t\t<\/div>\n\t\t\t\t<\/div>\n\t\t\t\t<div class=\"elementor-element elementor-element-705fcce elementor-invisible elementor-widget elementor-widget-text-editor\" data-id=\"705fcce\" data-element_type=\"widget\" data-settings=\"{&quot;_animation&quot;:&quot;fadeIn&quot;,&quot;_animation_delay&quot;:600}\" data-widget_type=\"text-editor.default\">\n\t\t\t\t<div class=\"elementor-widget-container\">\n\t\t\t\t\t\t\t\t\t<p>O ISL Light \u00e9 uma aplica\u00e7\u00e3o de desktop remoto segura e confi\u00e1vel que lhe permite oferecer suporte aos seus clientes ou aceder a computadores diretamente. \u00c9 acess\u00edvel e simplesmente funciona!<\/p>\t\t\t\t\t\t\t\t<\/div>\n\t\t\t\t<\/div>\n\t\t\t\t<div class=\"elementor-element elementor-element-c62ee31 elementor-widget elementor-widget-video\" data-id=\"c62ee31\" data-element_type=\"widget\" data-settings=\"{&quot;video_type&quot;:&quot;vimeo&quot;}\" data-widget_type=\"video.default\">\n\t\t\t\t<div class=\"elementor-widget-container\">\n\t\t\t\t\t\t\t<div class=\"elementor-wrapper elementor-open-inline\">\n\t\t\t<iframe class=\"elementor-video-iframe\" allowfullscreen allow=\"clipboard-write\" title=\"Reprodutor de v\u00eddeo de vimeo\" src=\"https:\/\/player.vimeo.com\/video\/206105224?color&amp;autopause=0&amp;loop=0&amp;muted=0&amp;title=1&amp;portrait=1&amp;byline=1&amp;h=578d807b4c#t=\"><\/iframe>\t\t<\/div>\n\t\t\t\t\t\t<\/div>\n\t\t\t\t<\/div>\n\t\t\t\t<div class=\"elementor-element elementor-element-baa2d67 elementor-widget elementor-widget-eael-cta-box\" data-id=\"baa2d67\" data-element_type=\"widget\" data-widget_type=\"eael-cta-box.default\">\n\t\t\t\t<div class=\"elementor-widget-container\">\n\t\t\t\t\t\t\t\t\t<div class=\"eael-call-to-action cta-icon-flex bg-lite cta-preset-1\">\n\t    <div class=\"icon\">\n\t\t\t\t\t\t\t<i class=\"far fa-check-square\"><\/i>\t    <\/div>\n\t    <div class=\"content\">\n            <h4 class=\"sub-title\">Registe-se!<\/h4><h2 class=\"title eael-cta-heading\">Experimente, os primeros 15 dias s\u00e3o por nossa Conta!<\/h2><p>Apoiamos todo o Processo!<\/p>\t    <\/div>\n\t    <div class=\"action\">\n            <a href=\"https:\/\/www.islonline.com\/signup?rid=447465\" class=\"cta-button cta-preset-1  \">Registar<\/a>\t    <\/div>\n\t<\/div>\n\t\t\t\t\t\t<\/div>\n\t\t\t\t<\/div>\n\t\t\t\t\t<\/div>\n\t\t<\/div>\n\t\t\t\t\t<\/div>\n\t\t<\/section>\n\t\t\t\t<section class=\"elementor-section elementor-top-section elementor-element elementor-element-cb0d999 elementor-section-full_width elementor-section-height-default elementor-section-height-default\" data-id=\"cb0d999\" data-element_type=\"section\">\n\t\t\t\t\t\t<div class=\"elementor-container elementor-column-gap-default\">\n\t\t\t\t\t<div class=\"elementor-column elementor-col-100 elementor-top-column elementor-element elementor-element-60bddf0\" data-id=\"60bddf0\" data-element_type=\"column\">\n\t\t\t<div class=\"elementor-widget-wrap elementor-element-populated\">\n\t\t\t\t\t\t<div class=\"elementor-element elementor-element-f572af8 elementor-invisible elementor-widget elementor-widget-heading\" data-id=\"f572af8\" data-element_type=\"widget\" data-settings=\"{&quot;_animation&quot;:&quot;fadeInUp&quot;,&quot;_animation_delay&quot;:200}\" data-widget_type=\"heading.default\">\n\t\t\t\t<div class=\"elementor-widget-container\">\n\t\t\t\t\t<h1 class=\"elementor-heading-title elementor-size-default\">acesso a um n\u00famero ilimitado de computadores<\/h1>\t\t\t\t<\/div>\n\t\t\t\t<\/div>\n\t\t\t\t<div class=\"elementor-element elementor-element-b8bd559 elementor-invisible elementor-widget elementor-widget-text-editor\" data-id=\"b8bd559\" data-element_type=\"widget\" data-settings=\"{&quot;_animation&quot;:&quot;fadeIn&quot;,&quot;_animation_delay&quot;:600}\" data-widget_type=\"text-editor.default\">\n\t\t\t\t<div class=\"elementor-widget-container\">\n\t\t\t\t\t\t\t\t\t<p>Configure o acesso permanente com a instala\u00e7\u00e3o de um agente de acesso remoto em qualquer computador. Fa\u00e7a a gest\u00e3o e o controlo de um n\u00famero ilimitado de computadores remotos\u00a0aut\u00f3nomos.<\/p>\t\t\t\t\t\t\t\t<\/div>\n\t\t\t\t<\/div>\n\t\t\t\t<div class=\"elementor-element elementor-element-816e71b elementor-widget elementor-widget-image\" data-id=\"816e71b\" data-element_type=\"widget\" data-widget_type=\"image.default\">\n\t\t\t\t<div class=\"elementor-widget-container\">\n\t\t\t\t\t\t\t\t\t\t\t\t\t\t\t<img decoding=\"async\" src=\"https:\/\/www.suporteremoto.pt\/novo\/wp-content\/uploads\/2023\/02\/access-pt.webp\" title=\"access-pt\" alt=\"access-pt\" loading=\"lazy\" \/>\t\t\t\t\t\t\t\t\t\t\t\t\t\t\t<\/div>\n\t\t\t\t<\/div>\n\t\t\t\t\t<\/div>\n\t\t<\/div>\n\t\t\t\t\t<\/div>\n\t\t<\/section>\n\t\t\t\t<section class=\"elementor-section elementor-top-section elementor-element elementor-element-2c32955 elementor-section-full_width elementor-section-height-default elementor-section-height-default\" data-id=\"2c32955\" data-element_type=\"section\">\n\t\t\t\t\t\t<div class=\"elementor-container elementor-column-gap-default\">\n\t\t\t\t\t<div class=\"elementor-column elementor-col-100 elementor-top-column elementor-element elementor-element-d745bb9\" data-id=\"d745bb9\" data-element_type=\"column\">\n\t\t\t<div class=\"elementor-widget-wrap elementor-element-populated\">\n\t\t\t\t\t\t<div class=\"elementor-element elementor-element-fd7ac4b elementor-invisible elementor-widget elementor-widget-heading\" data-id=\"fd7ac4b\" data-element_type=\"widget\" data-settings=\"{&quot;_animation&quot;:&quot;fadeInUp&quot;,&quot;_animation_delay&quot;:200}\" data-widget_type=\"heading.default\">\n\t\t\t\t<div class=\"elementor-widget-container\">\n\t\t\t\t\t<h1 class=\"elementor-heading-title elementor-size-default\">Ofere\u00e7a a Maior Seguran\u00e7a<\/h1>\t\t\t\t<\/div>\n\t\t\t\t<\/div>\n\t\t\t\t<div class=\"elementor-element elementor-element-c96c08f elementor-widget elementor-widget-image\" data-id=\"c96c08f\" data-element_type=\"widget\" data-widget_type=\"image.default\">\n\t\t\t\t<div class=\"elementor-widget-container\">\n\t\t\t\t\t\t\t\t\t\t\t\t\t\t\t<img decoding=\"async\" width=\"1392\" height=\"501\" src=\"https:\/\/www.suporteremoto.pt\/novo\/wp-content\/uploads\/2023\/02\/Remoto.png\" class=\"attachment-full size-full wp-image-281\" alt=\"\" srcset=\"https:\/\/www.suporteremoto.pt\/novo\/wp-content\/uploads\/2023\/02\/Remoto.png 1392w, https:\/\/www.suporteremoto.pt\/novo\/wp-content\/uploads\/2023\/02\/Remoto-300x108.png 300w, https:\/\/www.suporteremoto.pt\/novo\/wp-content\/uploads\/2023\/02\/Remoto-1024x369.png 1024w, https:\/\/www.suporteremoto.pt\/novo\/wp-content\/uploads\/2023\/02\/Remoto-768x276.png 768w\" sizes=\"(max-width: 1392px) 100vw, 1392px\" \/>\t\t\t\t\t\t\t\t\t\t\t\t\t\t\t<\/div>\n\t\t\t\t<\/div>\n\t\t\t\t\t<\/div>\n\t\t<\/div>\n\t\t\t\t\t<\/div>\n\t\t<\/section>\n\t\t\t\t<section class=\"elementor-section elementor-top-section elementor-element elementor-element-c91f1e7 elementor-section-full_width elementor-section-height-default elementor-section-height-default\" data-id=\"c91f1e7\" data-element_type=\"section\">\n\t\t\t\t\t\t<div class=\"elementor-container elementor-column-gap-default\">\n\t\t\t\t\t<div class=\"elementor-column elementor-col-100 elementor-top-column elementor-element elementor-element-d3473c5\" data-id=\"d3473c5\" data-element_type=\"column\">\n\t\t\t<div class=\"elementor-widget-wrap elementor-element-populated\">\n\t\t\t\t\t\t<div class=\"elementor-element elementor-element-e9b261a elementor-invisible elementor-widget elementor-widget-heading\" data-id=\"e9b261a\" data-element_type=\"widget\" data-settings=\"{&quot;_animation&quot;:&quot;fadeInUp&quot;,&quot;_animation_delay&quot;:200}\" data-widget_type=\"heading.default\">\n\t\t\t\t<div class=\"elementor-widget-container\">\n\t\t\t\t\t<h1 class=\"elementor-heading-title elementor-size-default\">Apoio de dispositivos m\u00f3veis<\/h1>\t\t\t\t<\/div>\n\t\t\t\t<\/div>\n\t\t\t\t\t<\/div>\n\t\t<\/div>\n\t\t\t\t\t<\/div>\n\t\t<\/section>\n\t\t\t\t<section class=\"elementor-section elementor-top-section elementor-element elementor-element-e4d4e1d elementor-section-full_width elementor-section-height-default elementor-section-height-default\" data-id=\"e4d4e1d\" data-element_type=\"section\">\n\t\t\t\t\t\t\t<div class=\"elementor-background-overlay\"><\/div>\n\t\t\t\t\t\t\t<div class=\"elementor-container elementor-column-gap-default\">\n\t\t\t\t\t<div class=\"elementor-column elementor-col-100 elementor-top-column elementor-element elementor-element-e343e00\" data-id=\"e343e00\" data-element_type=\"column\">\n\t\t\t<div class=\"elementor-widget-wrap elementor-element-populated\">\n\t\t\t\t\t\t<div class=\"elementor-element elementor-element-db7e98e elementor-invisible elementor-widget elementor-widget-text-editor\" data-id=\"db7e98e\" data-element_type=\"widget\" data-settings=\"{&quot;_animation&quot;:&quot;fadeIn&quot;,&quot;_animation_delay&quot;:600}\" data-widget_type=\"text-editor.default\">\n\t\t\t\t<div class=\"elementor-widget-container\">\n\t\t\t\t\t\t\t\t\t<p>Corrija problemas em dispositivos m\u00f3veis Android e iOS de qualquer lugar. Veja o ecr\u00e3 remoto do seu cliente e resolva problemas\u00a0rapidamente.<\/p>\t\t\t\t\t\t\t\t<\/div>\n\t\t\t\t<\/div>\n\t\t\t\t<div class=\"elementor-element elementor-element-ba7d4b7 elementor-widget elementor-widget-image\" data-id=\"ba7d4b7\" data-element_type=\"widget\" data-widget_type=\"image.default\">\n\t\t\t\t<div class=\"elementor-widget-container\">\n\t\t\t\t\t\t\t\t\t\t\t\t\t\t\t<img decoding=\"async\" width=\"600\" height=\"358\" src=\"https:\/\/www.suporteremoto.pt\/novo\/wp-content\/uploads\/2023\/02\/mobile.webp\" class=\"attachment-large size-large wp-image-291\" alt=\"\" srcset=\"https:\/\/www.suporteremoto.pt\/novo\/wp-content\/uploads\/2023\/02\/mobile.webp 600w, https:\/\/www.suporteremoto.pt\/novo\/wp-content\/uploads\/2023\/02\/mobile-300x179.webp 300w\" sizes=\"(max-width: 600px) 100vw, 600px\" \/>\t\t\t\t\t\t\t\t\t\t\t\t\t\t\t<\/div>\n\t\t\t\t<\/div>\n\t\t\t\t\t<\/div>\n\t\t<\/div>\n\t\t\t\t\t<\/div>\n\t\t<\/section>\n\t\t\t\t<section class=\"elementor-section elementor-top-section elementor-element elementor-element-bd05f69 elementor-section-full_width elementor-section-height-default elementor-section-height-default\" data-id=\"bd05f69\" data-element_type=\"section\">\n\t\t\t\t\t\t<div class=\"elementor-container elementor-column-gap-default\">\n\t\t\t\t\t<div class=\"elementor-column elementor-col-100 elementor-top-column elementor-element elementor-element-4918c0b\" data-id=\"4918c0b\" data-element_type=\"column\">\n\t\t\t<div class=\"elementor-widget-wrap elementor-element-populated\">\n\t\t\t\t\t\t<div class=\"elementor-element elementor-element-ea7f42c elementor-invisible elementor-widget elementor-widget-heading\" data-id=\"ea7f42c\" data-element_type=\"widget\" data-settings=\"{&quot;_animation&quot;:&quot;fadeIn&quot;,&quot;_animation_delay&quot;:400}\" data-widget_type=\"heading.default\">\n\t\t\t\t<div class=\"elementor-widget-container\">\n\t\t\t\t\t<h2 class=\"elementor-heading-title elementor-size-default\">Transfer\u00eancia Segura de Ficheiros<\/h2>\t\t\t\t<\/div>\n\t\t\t\t<\/div>\n\t\t\t\t<div class=\"elementor-element elementor-element-4d1c060 elementor-invisible elementor-widget elementor-widget-text-editor\" data-id=\"4d1c060\" data-element_type=\"widget\" data-settings=\"{&quot;_animation&quot;:&quot;fadeIn&quot;,&quot;_animation_delay&quot;:600}\" data-widget_type=\"text-editor.default\">\n\t\t\t\t<div class=\"elementor-widget-container\">\n\t\t\t\t\t\t\t\t\t<p>Transfira ficheiros de forma r\u00e1pida e segura entre computadores durante uma sess\u00e3o de desktop remoto. Um gestor de ficheiros de painel duplo permite uma navega\u00e7\u00e3o r\u00e1pida e permite que fa\u00e7a a gest\u00e3o de ficheiros e pastas nos computadores locais e remotos de forma r\u00e1pida e\u00a0eficiente.<\/p>\t\t\t\t\t\t\t\t<\/div>\n\t\t\t\t<\/div>\n\t\t\t\t<div class=\"elementor-element elementor-element-94403ab elementor-widget elementor-widget-image\" data-id=\"94403ab\" data-element_type=\"widget\" data-widget_type=\"image.default\">\n\t\t\t\t<div class=\"elementor-widget-container\">\n\t\t\t\t\t\t\t\t\t\t\t\t\t\t\t<img decoding=\"async\" src=\"https:\/\/www.suporteremoto.pt\/novo\/wp-content\/uploads\/2023\/02\/file-manager.webp\" title=\"file-manager\" alt=\"file-manager\" loading=\"lazy\" \/>\t\t\t\t\t\t\t\t\t\t\t\t\t\t\t<\/div>\n\t\t\t\t<\/div>\n\t\t\t\t\t<\/div>\n\t\t<\/div>\n\t\t\t\t\t<\/div>\n\t\t<\/section>\n\t\t\t\t<section class=\"elementor-section elementor-top-section elementor-element elementor-element-8caf226 elementor-section-full_width elementor-section-height-default elementor-section-height-default\" data-id=\"8caf226\" data-element_type=\"section\">\n\t\t\t\t\t\t<div class=\"elementor-container elementor-column-gap-default\">\n\t\t\t\t\t<div class=\"elementor-column elementor-col-100 elementor-top-column elementor-element elementor-element-9fdc6e8\" data-id=\"9fdc6e8\" data-element_type=\"column\">\n\t\t\t<div class=\"elementor-widget-wrap elementor-element-populated\">\n\t\t\t\t\t\t<div class=\"elementor-element elementor-element-3110edb elementor-widget elementor-widget-eael-cta-box\" data-id=\"3110edb\" data-element_type=\"widget\" data-widget_type=\"eael-cta-box.default\">\n\t\t\t\t<div class=\"elementor-widget-container\">\n\t\t\t\t\t\t\t\t\t<div class=\"eael-call-to-action cta-icon-flex bg-lite cta-preset-1\">\n\t    <div class=\"icon\">\n\t\t\t\t\t\t\t<i class=\"far fa-check-square\"><\/i>\t    <\/div>\n\t    <div class=\"content\">\n            <h4 class=\"sub-title\">Registe-se!<\/h4><h2 class=\"title eael-cta-heading\">Experimente, os primeros 15 dias s\u00e3o por nossa Conta!<\/h2><p>Apoiamos todo o Processo!<\/p>\t    <\/div>\n\t    <div class=\"action\">\n            <a href=\"https:\/\/www.islonline.com\/signup?rid=447465\" class=\"cta-button cta-preset-1  \">Registar<\/a>\t    <\/div>\n\t<\/div>\n\t\t\t\t\t\t<\/div>\n\t\t\t\t<\/div>\n\t\t\t\t\t<\/div>\n\t\t<\/div>\n\t\t\t\t\t<\/div>\n\t\t<\/section>\n\t\t\t\t<\/div>\n\t\t","protected":false},"excerpt":{"rendered":"<p>REMOTAMENTE Suporte. Acesso. Trabalho. Controle remotamente computadores ou dispositivos m\u00f3veis. Aceda a computadores remotos para fornecer suporte t\u00e9cnico aos seus clientes ou para trabalhar a partir de\u00a0casa. O Software de Desktop Remoto<a class=\"moretag\" href=\"https:\/\/www.suporteremoto.pt\/novo\/\">Read More&#8230;<\/a><\/p>\n","protected":false},"author":1,"featured_media":0,"parent":0,"menu_order":0,"comment_status":"closed","ping_status":"closed","template":"","meta":{"footnotes":""},"tags":[14,19,18,22,16,15,20,21,9,12,17],"_links":{"self":[{"href":"https:\/\/www.suporteremoto.pt\/novo\/wp-json\/wp\/v2\/pages\/5"}],"collection":[{"href":"https:\/\/www.suporteremoto.pt\/novo\/wp-json\/wp\/v2\/pages"}],"about":[{"href":"https:\/\/www.suporteremoto.pt\/novo\/wp-json\/wp\/v2\/types\/page"}],"author":[{"embeddable":true,"href":"https:\/\/www.suporteremoto.pt\/novo\/wp-json\/wp\/v2\/users\/1"}],"replies":[{"embeddable":true,"href":"https:\/\/www.suporteremoto.pt\/novo\/wp-json\/wp\/v2\/comments?post=5"}],"version-history":[{"count":193,"href":"https:\/\/www.suporteremoto.pt\/novo\/wp-json\/wp\/v2\/pages\/5\/revisions"}],"predecessor-version":[{"id":390,"href":"https:\/\/www.suporteremoto.pt\/novo\/wp-json\/wp\/v2\/pages\/5\/revisions\/390"}],"wp:attachment":[{"href":"https:\/\/www.suporteremoto.pt\/novo\/wp-json\/wp\/v2\/media?parent=5"}],"wp:term":[{"taxonomy":"post_tag","embeddable":true,"href":"https:\/\/www.suporteremoto.pt\/novo\/wp-json\/wp\/v2\/tags?post=5"}],"curies":[{"name":"wp","href":"https:\/\/api.w.org\/{rel}","templated":true}]}}